{"id":3,"date":"2024-01-18T16:12:26","date_gmt":"2024-01-18T16:12:26","guid":{"rendered":"https:\/\/sorratpet.com\/?page_id=3"},"modified":"2026-03-27T08:19:47","modified_gmt":"2026-03-27T08:19:47","slug":"privacy-policy","status":"publish","type":"page","link":"https:\/\/fline-go.com\/de\/privacy-policy\/","title":{"rendered":"Privacy Policy"},"content":{"rendered":"<div data-elementor-type=\"wp-page\" data-elementor-id=\"3\" class=\"elementor elementor-3\" data-elementor-post-type=\"page\">\n\t\t\t\t<div class=\"elementor-element elementor-element-6c9e616 e-flex e-con-boxed e-con e-parent\" data-id=\"6c9e616\" data-element_type=\"container\" data-e-type=\"container\">\n\t\t\t\t\t<div class=\"e-con-inner\">\n\t\t\t\t\t<\/div>\n\t\t\t\t<\/div>\n\t\t<div class=\"elementor-element elementor-element-4ad92b9 e-flex e-con-boxed e-con e-parent\" data-id=\"4ad92b9\" data-element_type=\"container\" data-e-type=\"container\">\n\t\t\t\t\t<div class=\"e-con-inner\">\n\t\t\t\t\t<\/div>\n\t\t\t\t<\/div>\n\t\t<div class=\"elementor-element elementor-element-49291a8 e-flex e-con-boxed e-con e-parent\" data-id=\"49291a8\" data-element_type=\"container\" data-e-type=\"container\">\n\t\t\t\t\t<div class=\"e-con-inner\">\n\t\t\t\t\t<\/div>\n\t\t\t\t<\/div>\n\t\t<div class=\"elementor-element elementor-element-d2e1807 e-flex e-con-boxed e-con e-parent\" data-id=\"d2e1807\" data-element_type=\"container\" data-e-type=\"container\">\n\t\t\t\t\t<div class=\"e-con-inner\">\n\t\t\t\t\t<\/div>\n\t\t\t\t<\/div>\n\t\t<div class=\"elementor-element elementor-element-6d5a0b95 e-flex e-con-boxed e-con e-parent\" data-id=\"6d5a0b95\" data-element_type=\"container\" data-e-type=\"container\">\n\t\t\t\t\t<div class=\"e-con-inner\">\n\t\t\t\t<div class=\"elementor-element elementor-element-4fe33232 elementor-widget elementor-widget-text-editor\" data-id=\"4fe33232\" data-element_type=\"widget\" data-e-type=\"widget\" data-widget_type=\"text-editor.default\">\n\t\t\t\t<div class=\"elementor-widget-container\">\n\t\t\t\t\t\t\t\t\t<h2>Fline&#8217;s Privacy Policy<\/h2>\n\n<p>This Privacy Policy describes how your personal information is collected, used, and shared when you visit\u00a0 https:\/\/www.fline-go.com (the \u201cSite\u201d).<\/p>\n<p><\/p>\n<h3 class=\"wp-block-heading\">PERS\u00d6NLICHE INFORMATIONEN, DIE WIR SAMMELN<\/h3>\n<p><\/p>\n<p>When you visit the Site, we automatically collect certain information about your device, including information about your web browser, IP address, time zone, and some of the cookies that are installed on your device. Additionally, as you browse the Site, we collect information about the individual web pages that you view, what websites or search terms referred you to the Site, and information about how you interact with the Site. We refer to this automatically collected information as \u201cDevice Information.\u201d<\/p>\n<p class=\"has-small-font-size\">Wir sammeln Ger\u00e4teinformationen mithilfe der folgenden Technologien:<\/p>\n<ul>\n<li>\u201eCookies\u201c sind Datendateien, die auf Ihrem Ger\u00e4t oder Computer abgelegt werden und oft eine anonyme eindeutige Kennung enthalten. Weitere Informationen zu Cookies und zur Deaktivierung von Cookies finden Sie unter http:\/\/www.allaboutcookies.org.<\/li>\n<li>\u201eProtokolldateien\u201c verfolgen die auf der Website stattfindenden Aktionen und sammeln Daten, einschlie\u00dflich Ihrer IP-Adresse, Ihres Browsertyps, Ihres Internetdienstanbieters, Ihrer Verweis-\/Ausstiegsseiten sowie Datums-\/Zeitstempel.<\/li>\n<li>Web-Beacons\u201c, \u201eTags\u201c und \u201ePixel\u201c sind elektronische Dateien, die dazu dienen, Informationen dar\u00fcber aufzuzeichnen, wie Sie auf der Website surfen<br \/>Site.<\/li>\n<li>Wenn wir in dieser Datenschutzrichtlinie von \u201epers\u00f6nlichen Daten\u201c sprechen, sprechen wir sowohl von Ger\u00e4teinformationen als auch von Bestellinformationen.<\/li>\n<\/ul>\n<h3>WIE VERWENDEN WIR IHRE PERSONENBEZOGENEN DATEN?<\/h3>\n<p>When in line with the preferences you have shared with us, provide you with information or advertising relating to our services.<br \/>We use the Device Information that we collect to help us screen for potential risk and fraud (in particular, your IP address), and more generally to improve and optimize our Site (for example, by generating analytics about how our customers browse and interact with the Site, and to assess the success of our marketing and advertising campaigns).<\/p>\n<h3>TEILUNG IHRER PERS\u00d6NLICHEN DATEN<\/h3>\n<p>Wir geben Ihre personenbezogenen Daten an Dritte weiter, um uns bei der Nutzung Ihrer personenbezogenen Daten wie oben beschrieben zu unterst\u00fctzen. Beispielsweise verwenden wir Google Analytics, um zu verstehen, wie unsere Kunden die Website nutzen. Mehr dar\u00fcber, wie Google Ihre personenbezogenen Daten verwendet, k\u00f6nnen Sie hier lesen:<br \/><a href=\"https:\/\/www.google.com\/intl\/en\/policies\/privacy\/.\"><em>https:\/\/www.google.com\/intl\/en\/policies\/privacy<\/em><\/a><\/p>\n<p>Sie k\u00f6nnen Google Analytics auch hier deaktivieren:<br \/><a href=\"https:\/\/tools.google.com\/dlpage\/gaoptout\">https:\/\/tools.google.com\/dlpage\/gaoptout<\/a><\/p>\n<p>Schlie\u00dflich k\u00f6nnen wir Ihre personenbezogenen Daten auch weitergeben, um geltende Gesetze und Vorschriften einzuhalten, auf eine Vorladung, einen Durchsuchungsbefehl oder andere rechtm\u00e4\u00dfige Informationsanfragen, die wir erhalten, zu reagieren oder um unsere Rechte anderweitig zu sch\u00fctzen.<\/p>\n<p>Sie k\u00f6nnen sich von gezielter Werbung abmelden, indem Sie:<\/p>\n<ul>\n<li><strong>Facebook \u2013<\/strong> <a href=\"https:\/\/www.facebook.com\/settings\/?tab=ads\">https:\/\/www.facebook.com\/settings\/?tab=ads<\/a><\/li>\n<li><strong>Google \u2013<\/strong> <a href=\"https:\/\/www.google.com\/settings\/ads\/anonymous\">https:\/\/www.google.com\/settings\/ads\/anonymous<\/a><\/li>\n<li><strong>Bing \u2013<\/strong> <a href=\"https:\/\/advertise.bingads.microsoft.com\/en-us\/resources\/policies\/personalized-ads\">https:\/\/advertise.bingads.microsoft.com\/en-us\/resources\/policies\/personalized-ads<\/a><\/li>\n<\/ul>\n<p>Dar\u00fcber hinaus k\u00f6nnen Sie sich von einigen dieser Dienste abmelden, indem Sie das Opt-out-Portal der Digital Advertising Alliance besuchen: <a href=\"http:\/\/optout.aboutads.info\/\">http:\/\/optout.aboutads.info\/<\/a>.<\/p>\n<h3>NICHT VERFOLGEN<\/h3>\n<p>Bitte beachten Sie, dass wir die Datenerfassungs- und -nutzungspraktiken unserer Website nicht \u00e4ndern, wenn wir ein \u201eDo Not Track\u201c-Signal von Ihrem Browser sehen.<\/p>\n<h3>DEINE RECHTE<\/h3>\n<p>Wenn Sie in Europa ans\u00e4ssig sind, haben Sie das Recht, auf die pers\u00f6nlichen Daten zuzugreifen, die wir \u00fcber Sie gespeichert haben, und zu verlangen, dass Ihre pers\u00f6nlichen Daten korrigiert, aktualisiert oder gel\u00f6scht werden. Wenn Sie von diesem Recht Gebrauch machen m\u00f6chten, kontaktieren Sie uns bitte \u00fcber die untenstehenden Kontaktinformationen.\u00a0<\/p>\n<p>Under Kosovo\u2019s data protection laws, users have the following rights regarding their personal data.You have the right to request a copy of the personal data we hold about you.<\/p>\n<p>This allows you to verify the accuracy of the information and understand how it is being processed.<\/p>\n<h3>VORRATSDATENSPEICHERUNG<\/h3>\n<p class=\"has-small-font-size\">When you place an job application through the Site, we will maintain your Information for our records unless and until you ask us to delete this information.<\/p>\n<h3>\u00c4NDERUNGEN<\/h3>\n<p class=\"has-small-font-size\">Wir k\u00f6nnen diese Datenschutzrichtlinie von Zeit zu Zeit aktualisieren, um beispielsweise \u00c4nderungen unserer Praktiken oder aus anderen betrieblichen, rechtlichen oder regulatorischen Gr\u00fcnden Rechnung zu tragen.<\/p>\n<h3>KONTAKTIERE UNS<\/h3>\n<p class=\"has-small-font-size\">F\u00fcr weitere Informationen zu unseren Datenschutzpraktiken, wenn Sie Fragen haben oder eine Beschwerde einreichen m\u00f6chten, kontaktieren Sie uns bitte per E-Mail unter <a href=\"mailto:contact@fline-go.com\">contact@fline-go.com<\/a> or by mail using the details provided below:<br \/>Xhon Buzuku 36, Vushtrri, 42000, Kosovo.<\/p>\n<p>\u00a0<\/p>\n<p><\/p>\t\t\t\t\t\t\t\t<\/div>\n\t\t\t\t<\/div>\n\t\t\t\t\t<\/div>\n\t\t\t\t<\/div>\n\t\t\t\t<\/div>","protected":false},"excerpt":{"rendered":"<p>Fline&#8217;s Privacy Policy This Privacy Policy describes how your personal information is collected, used, and shared when you visit\u00a0 https:\/\/www.fline-go.com (the \u201cSite\u201d). PERSONAL INFORMATION WE COLLECT When you visit the Site, we automatically collect certain information about your device, including information about your web browser, IP address, time zone, and some of the cookies that [&hellip;]<\/p>\n","protected":false},"author":1,"featured_media":0,"parent":0,"menu_order":0,"comment_status":"closed","ping_status":"closed","template":"","meta":{"_acf_changed":false,"footnotes":""},"class_list":["post-3","page","type-page","status-publish","hentry"],"acf":[],"_links":{"self":[{"href":"https:\/\/fline-go.com\/de\/wp-json\/wp\/v2\/pages\/3","targetHints":{"allow":["GET"]}}],"collection":[{"href":"https:\/\/fline-go.com\/de\/wp-json\/wp\/v2\/pages"}],"about":[{"href":"https:\/\/fline-go.com\/de\/wp-json\/wp\/v2\/types\/page"}],"author":[{"embeddable":true,"href":"https:\/\/fline-go.com\/de\/wp-json\/wp\/v2\/users\/1"}],"replies":[{"embeddable":true,"href":"https:\/\/fline-go.com\/de\/wp-json\/wp\/v2\/comments?post=3"}],"version-history":[{"count":27,"href":"https:\/\/fline-go.com\/de\/wp-json\/wp\/v2\/pages\/3\/revisions"}],"predecessor-version":[{"id":1899,"href":"https:\/\/fline-go.com\/de\/wp-json\/wp\/v2\/pages\/3\/revisions\/1899"}],"wp:attachment":[{"href":"https:\/\/fline-go.com\/de\/wp-json\/wp\/v2\/media?parent=3"}],"curies":[{"name":"wp","href":"https:\/\/api.w.org\/{rel}","templated":true}]}}